{"id":532,"date":"2023-06-30T19:48:21","date_gmt":"2023-06-30T17:48:21","guid":{"rendered":"https:\/\/www.bottegaorafasalernitana.it\/?post_type=product&#038;p=532"},"modified":"2023-07-30T19:58:25","modified_gmt":"2023-07-30T17:58:25","slug":"i-rosoni-del-quadriportico","status":"publish","type":"product","link":"https:\/\/www.bottegaorafasalernitana.it\/en\/product\/i-rosoni-del-quadriportico\/","title":{"rendered":"I Rosoni del Quadriportico"},"content":{"rendered":"<p>Il quadriportico del Duomo di Salerno fu realizzato negli anni immediatamente successivi al 1085 ed il lato meglio conservato \u00e8 quello settentrionale. Questo lato \u00e8 formato da nove arcate che poggiano su colonne e la parte sovrastante gli archi \u00e8 dominata da 8 tondi decorati a tarsie con l&#8217;utilizzo di tufo giallo e grigio. Il motivo a stella riprodotto riconduce ad un gusto di decorazioni islamica.<\/p>","protected":false},"excerpt":{"rendered":"<p>Il quadriportico del Duomo di Salerno fu realizzato negli anni immediatamente successivi al 1085 ed il lato meglio conservato \u00e8 quello settentrionale. Questo lato \u00e8 [&hellip;]<\/p>","protected":false},"featured_media":533,"comment_status":"open","ping_status":"closed","template":"","format":"standard","meta":{"inline_featured_image":false},"product_cat":[46],"product_tag":[],"class_list":{"0":"post-532","1":"product","2":"type-product","3":"status-publish","4":"format-standard","5":"has-post-thumbnail","7":"product_cat-mascheroni","9":"first","10":"instock","11":"taxable","12":"shipping-taxable","13":"product-type-simple"},"jetpack_sharing_enabled":true,"meta_box":[],"_links":{"self":[{"href":"https:\/\/www.bottegaorafasalernitana.it\/en\/wp-json\/wp\/v2\/product\/532","targetHints":{"allow":["GET"]}}],"collection":[{"href":"https:\/\/www.bottegaorafasalernitana.it\/en\/wp-json\/wp\/v2\/product"}],"about":[{"href":"https:\/\/www.bottegaorafasalernitana.it\/en\/wp-json\/wp\/v2\/types\/product"}],"replies":[{"embeddable":true,"href":"https:\/\/www.bottegaorafasalernitana.it\/en\/wp-json\/wp\/v2\/comments?post=532"}],"wp:featuredmedia":[{"embeddable":true,"href":"https:\/\/www.bottegaorafasalernitana.it\/en\/wp-json\/wp\/v2\/media\/533"}],"wp:attachment":[{"href":"https:\/\/www.bottegaorafasalernitana.it\/en\/wp-json\/wp\/v2\/media?parent=532"}],"wp:term":[{"taxonomy":"product_cat","embeddable":true,"href":"https:\/\/www.bottegaorafasalernitana.it\/en\/wp-json\/wp\/v2\/product_cat?post=532"},{"taxonomy":"product_tag","embeddable":true,"href":"https:\/\/www.bottegaorafasalernitana.it\/en\/wp-json\/wp\/v2\/product_tag?post=532"}],"curies":[{"name":"wp","href":"https:\/\/api.w.org\/{rel}","templated":true}]}}