{"id":521,"date":"2023-07-30T19:33:50","date_gmt":"2023-07-30T17:33:50","guid":{"rendered":"https:\/\/www.bottegaorafasalernitana.it\/?post_type=product&#038;p=521"},"modified":"2024-10-04T17:43:49","modified_gmt":"2024-10-04T15:43:49","slug":"palazzo-genovese","status":"publish","type":"product","link":"https:\/\/www.bottegaorafasalernitana.it\/en\/product\/palazzo-genovese\/","title":{"rendered":"Palazzo Genovese"},"content":{"rendered":"<p>Palazzo Genovese \u00e8 uno dei pi\u00f9 importanti della citt\u00e0 di Salerno. Nel 1744 il barone Genovese ne affid\u00f2 il restauro all&#8217;architetto napoletano Mario Goffredo che cur\u00f2 anche la realizzazione dell&#8217;imponente portale. In seguito adibito a scuola fu poi abbandonato. Nel 1994 \u00e8 stato restaurato e, al momento, ospita nelle sale terranee, mostre di interesse artistico.<\/p>","protected":false},"excerpt":{"rendered":"<p>Palazzo Genovese \u00e8 uno dei pi\u00f9 importanti della citt\u00e0 di Salerno.<\/p>","protected":false},"featured_media":499,"comment_status":"open","ping_status":"closed","template":"","format":"standard","meta":{"inline_featured_image":false},"product_cat":[46],"product_tag":[],"class_list":{"0":"post-521","1":"product","2":"type-product","3":"status-publish","4":"format-standard","5":"has-post-thumbnail","7":"product_cat-mascheroni","9":"first","10":"instock","11":"taxable","12":"shipping-taxable","13":"product-type-simple"},"jetpack_sharing_enabled":true,"meta_box":[],"_links":{"self":[{"href":"https:\/\/www.bottegaorafasalernitana.it\/en\/wp-json\/wp\/v2\/product\/521","targetHints":{"allow":["GET"]}}],"collection":[{"href":"https:\/\/www.bottegaorafasalernitana.it\/en\/wp-json\/wp\/v2\/product"}],"about":[{"href":"https:\/\/www.bottegaorafasalernitana.it\/en\/wp-json\/wp\/v2\/types\/product"}],"replies":[{"embeddable":true,"href":"https:\/\/www.bottegaorafasalernitana.it\/en\/wp-json\/wp\/v2\/comments?post=521"}],"wp:featuredmedia":[{"embeddable":true,"href":"https:\/\/www.bottegaorafasalernitana.it\/en\/wp-json\/wp\/v2\/media\/499"}],"wp:attachment":[{"href":"https:\/\/www.bottegaorafasalernitana.it\/en\/wp-json\/wp\/v2\/media?parent=521"}],"wp:term":[{"taxonomy":"product_cat","embeddable":true,"href":"https:\/\/www.bottegaorafasalernitana.it\/en\/wp-json\/wp\/v2\/product_cat?post=521"},{"taxonomy":"product_tag","embeddable":true,"href":"https:\/\/www.bottegaorafasalernitana.it\/en\/wp-json\/wp\/v2\/product_tag?post=521"}],"curies":[{"name":"wp","href":"https:\/\/api.w.org\/{rel}","templated":true}]}}